{"id":8096,"date":"2022-02-07T14:30:37","date_gmt":"2022-02-07T14:30:37","guid":{"rendered":"https:\/\/asociatia-academiadebine.ro\/?page_id=8096"},"modified":"2022-02-07T15:37:23","modified_gmt":"2022-02-07T15:37:23","slug":"politica-de-utilizarea-cookie-urilor","status":"publish","type":"page","link":"https:\/\/asociatia-academiadebine.ro\/ro\/politica-de-utilizarea-cookie-urilor\/","title":{"rendered":"Politica de utilizarea cookie-urilor"},"content":{"rendered":"<div data-elementor-type=\"wp-page\" data-elementor-id=\"8096\" class=\"elementor elementor-8096\">\n\t\t\t\t\t\t<section class=\"elementor-section elementor-top-section elementor-element elementor-element-2da48d0 elementor-section-boxed elementor-section-height-default elementor-section-height-default\" data-id=\"2da48d0\" data-element_type=\"section\">\n\t\t\t\t\t\t<div class=\"elementor-container elementor-column-gap-default\">\n\t\t\t\t\t<div class=\"elementor-column elementor-col-100 elementor-top-column elementor-element elementor-element-f3fbe30\" data-id=\"f3fbe30\" data-element_type=\"column\">\n\t\t\t<div class=\"elementor-widget-wrap elementor-element-populated\">\n\t\t\t\t\t\t<div class=\"elementor-element elementor-element-a545af9 elementor-widget elementor-widget-heading\" data-id=\"a545af9\" data-element_type=\"widget\" data-widget_type=\"heading.default\">\n\t\t\t\t<div class=\"elementor-widget-container\">\n\t\t\t<style>\/*! elementor - v3.20.0 - 26-03-2024 *\/\n.elementor-heading-title{padding:0;margin:0;line-height:1}.elementor-widget-heading .elementor-heading-title[class*=elementor-size-]>a{color:inherit;font-size:inherit;line-height:inherit}.elementor-widget-heading .elementor-heading-title.elementor-size-small{font-size:15px}.elementor-widget-heading .elementor-heading-title.elementor-size-medium{font-size:19px}.elementor-widget-heading .elementor-heading-title.elementor-size-large{font-size:29px}.elementor-widget-heading .elementor-heading-title.elementor-size-xl{font-size:39px}.elementor-widget-heading .elementor-heading-title.elementor-size-xxl{font-size:59px}<\/style><h2 class=\"elementor-heading-title elementor-size-default\">Politica de utilizarea cookie-urilor<\/h2>\t\t<\/div>\n\t\t\t\t<\/div>\n\t\t\t\t<div class=\"elementor-element elementor-element-8b89143 elementor-widget elementor-widget-text-editor\" data-id=\"8b89143\" data-element_type=\"widget\" data-widget_type=\"text-editor.default\">\n\t\t\t\t<div class=\"elementor-widget-container\">\n\t\t\t<style>\/*! elementor - v3.20.0 - 26-03-2024 *\/\n.elementor-widget-text-editor.elementor-drop-cap-view-stacked .elementor-drop-cap{background-color:#69727d;color:#fff}.elementor-widget-text-editor.elementor-drop-cap-view-framed .elementor-drop-cap{color:#69727d;border:3px solid;background-color:transparent}.elementor-widget-text-editor:not(.elementor-drop-cap-view-default) .elementor-drop-cap{margin-top:8px}.elementor-widget-text-editor:not(.elementor-drop-cap-view-default) .elementor-drop-cap-letter{width:1em;height:1em}.elementor-widget-text-editor .elementor-drop-cap{float:left;text-align:center;line-height:1;font-size:50px}.elementor-widget-text-editor .elementor-drop-cap-letter{display:inline-block}<\/style>\t\t\t\t<div class=\"cli-privacy-content\"><div class=\"cli-privacy-content-text\">Acest site web folose\u0219te cookie-uri pentru a v\u0103 \u00eembun\u0103t\u0103\u021bi experien\u021ba \u00een timp ce naviga\u021bi prin site. Din aceste cookie-uri, cookie-urile care sunt clasificate ca fiind necesare sunt stocate pe browserul dvs., deoarece sunt esen\u021biale pentru func\u021bionarea func\u021bionalit\u0103\u021bilor de baz\u0103 ale site-ului. De asemenea, folosim cookie-uri ter\u021be care ne ajut\u0103 s\u0103 analiz\u0103m \u0219i s\u0103 \u00een\u021belegem modul \u00een care utiliza\u021bi acest site web. Aceste cookie-uri vor fi stocate \u00een browserul dvs. doar cu acordul dumneavoastr\u0103. De asemenea, ave\u021bi op\u021biunea de a renun\u021ba la aceste cookie-uri. Dar renun\u021barea la unele dintre aceste cookie-uri poate avea un efect asupra experien\u021bei dvs. de navigare.<\/div><div>\u00a0<\/div><\/div><div><h4>Utilizarea cookie-urilor<\/h4><p>Noi folosim cookie-uri pentru a \u021bine eviden\u021ba a ceea ce \u021bi-ai cumparat de la noi \u0219i ceea ce ai f\u0103cut pe site.\u00a0<br \/>Cookie-urile nu re\u021bin informa\u021bii cu caracter personal \u2013 aceste informa\u021bii sunt disponibile doar \u00een contul t\u0103u, dup\u0103 autentificare. \u00a0 Am organizat cookie-urile pe care le folosim \u00een urm\u0103toarele categorii, pentru a \u00een\u021belege mai u\u0219or<br \/>de ce avem nevoie de ele:<\/p><ol><li><strong>Strict necesare<\/strong> \u2013 sunt folosite pentru a ne asigura c\u0103 po\u021bi folosi site-ul nostru corect \u0219i eficient. Aceste cookie-uri nu stocheaz\u0103 nicio informa\u021bie personal\u0103.\u00a0<\/li><li><strong>Performan\u021b\u0103<\/strong> \u2013 sunt folosite pentru a analiza modul \u00een care site-ul nostru func\u021bioneaz\u0103 \u0219i cum \u00eel putem \u00eembun\u0103t\u0103\u021bi.<\/li><li><strong>Func\u021bionalitate<\/strong> \u2013 sunt folosite pentru a \u00eembun\u0103t\u0103\u021bi experien\u021ba ta de navigare.<\/li><li><strong>Informa\u021bii trafic \/ Publicitate<\/strong> \u2013 sunt folosite pentru a afla informa\u021bii legate de vizita ta pe site, de unde ai accesat site-ul nostru \u0219i alte informa\u021bii asem\u0103n\u0103toare.<\/li><\/ol><\/div><h4><b>Care este durata de via\u021b\u0103 a unui modul cookie?<\/b><\/h4><p>Durata de via\u021b\u0103 a unui modul cookie poate varia \u00een mod semnificativ, \u00een func\u021bie de scopul pentru care este plasat. Dup\u0103 cum am men\u021bionat mai sus, unele cookie-uri sunt folosite exclusiv pentru o singur\u0103 sesiune (cookie-uri de sesiune) \u0219i nu se p\u0103streaz\u0103 dup\u0103 ce utilizatorul p\u0103r\u0103se\u0219te site-ul web, \u00een \u200b\u200btimp ce alte cookie-uri sunt p\u0103strate \u0219i reutilizate de fiecare dat\u0103 c\u00e2nd utilizatorul revine pe site-ul respectiv. Cu toate acestea, modulele cookie pot fi \u0219terse de un utilizator \u00een orice moment, din set\u0103rile browserului.<\/p><h4><b>Ce sunt cookie-urile ter\u021b\u0103 parte?<\/b><\/h4><p>Unele sec\u021biuni de con\u021binut de pe site-uri noastre pot fi furnizate prin ter\u021be p\u0103r\u021bi \/ furnizori (de exemplu, un videoclip). Astfel de ter\u021be p\u0103r\u021bi pot plasa aceste cookie-uri pe site-ul web (numite \u201emodule cookie ter\u021b\u0103 parte\u201d, deoarece acestea nu sunt plasate de c\u0103tre proprietarul site-ului). Furnizorii ter\u021bi trebuie, de asemenea, s\u0103 respecte reglement\u0103rile legale \u00een vigoare \u0219i politicile de confiden\u021bialitate ale proprietarului site-ului web.<\/p><h4><b>Ce cookie-uri folose\u0219te acest site?<\/b><\/h4><p>Site-ul nostru utilizeaz\u0103 urm\u0103toarele tipuri de module cookie:<\/p><p>Cookie-urile YouTube \u2013 pe anumite pagini ale site-ului, videoclipurile au fost postate pe canalul YouTube securizat. Modulele cookie sunt instalate numai pe computerul dvs. numai c\u00e2nd reda\u021bi acest videoclip.<\/p><p>Cookie-urile Google Analytics \u2013 aceste module cookie furnizeaz\u0103 informa\u021bii anonime \/ agregate despre locul \u00een care v\u0103 afla\u021bi \u0219i despre activitatea de pe site. Acestea monitorizeaz\u0103 modul \u00een care vizitatorii navigheaz\u0103 prin site \u0219i cum au ajuns la el. Acest lucru este folosit pentru a vedea cifrele totale (nu individuale) despre tipurile de con\u021binut pe care le folosesc cei mai mul\u021bi utilizatori sau despre ce ar putea fi o problem\u0103 pentru navigarea pe site.<\/p><p>\u00a0<\/p><h4><b>Cum pot opri cookie-urile?<\/b><\/h4><p>Majoritatea browserelor de internet sunt configurate ini\u021bial pentru a accepta automat cookie-urile.<\/p><p>Utilizatorii \u00ee\u0219i pot configura browserul pentru a respinge toate fi\u0219ierele cookie sau pentru a alerta utilizatorul atunci c\u00e2nd modulele cookie sunt trimise c\u0103tre dispozitiv.<\/p><p>Este important s\u0103 re\u021bine\u021bi c\u0103 dezactivarea sau refuzul de a primi cookie-urile pot face anumite sec\u021biuni dificil de vizualizat \u0219i de utilizat.<\/p><p>Toate browserele moderne ofer\u0103 posibilitatea de a schimba set\u0103rile cookie-urilor. Aceste set\u0103ri pot fi g\u0103site de obicei \u00een sec\u021biunile \u201eop\u021biuni\u201d sau \u00een \u201epreferin\u021be\u201d din set\u0103rile browserului.<\/p><p>Pentru a \u00een\u021belege aceste set\u0103ri, utiliza\u021bi op\u021biunea \u201eajutor\u201d din set\u0103rile browserului.<\/p>\t\t\t\t\t\t<\/div>\n\t\t\t\t<\/div>\n\t\t\t\t<div class=\"elementor-element elementor-element-67da158 elementor-widget elementor-widget-spacer\" data-id=\"67da158\" data-element_type=\"widget\" data-widget_type=\"spacer.default\">\n\t\t\t\t<div class=\"elementor-widget-container\">\n\t\t\t<style>\/*! elementor - v3.20.0 - 26-03-2024 *\/\n.elementor-column .elementor-spacer-inner{height:var(--spacer-size)}.e-con{--container-widget-width:100%}.e-con-inner>.elementor-widget-spacer,.e-con>.elementor-widget-spacer{width:var(--container-widget-width,var(--spacer-size));--align-self:var(--container-widget-align-self,initial);--flex-shrink:0}.e-con-inner>.elementor-widget-spacer>.elementor-widget-container,.e-con>.elementor-widget-spacer>.elementor-widget-container{height:100%;width:100%}.e-con-inner>.elementor-widget-spacer>.elementor-widget-container>.elementor-spacer,.e-con>.elementor-widget-spacer>.elementor-widget-container>.elementor-spacer{height:100%}.e-con-inner>.elementor-widget-spacer>.elementor-widget-container>.elementor-spacer>.elementor-spacer-inner,.e-con>.elementor-widget-spacer>.elementor-widget-container>.elementor-spacer>.elementor-spacer-inner{height:var(--container-widget-height,var(--spacer-size))}.e-con-inner>.elementor-widget-spacer.elementor-widget-empty,.e-con>.elementor-widget-spacer.elementor-widget-empty{position:relative;min-height:22px;min-width:22px}.e-con-inner>.elementor-widget-spacer.elementor-widget-empty .elementor-widget-empty-icon,.e-con>.elementor-widget-spacer.elementor-widget-empty .elementor-widget-empty-icon{position:absolute;top:0;bottom:0;left:0;right:0;margin:auto;padding:0;width:22px;height:22px}<\/style>\t\t<div class=\"elementor-spacer\">\n\t\t\t<div class=\"elementor-spacer-inner\"><\/div>\n\t\t<\/div>\n\t\t\t\t<\/div>\n\t\t\t\t<\/div>\n\t\t\t\t\t<\/div>\n\t\t<\/div>\n\t\t\t\t\t<\/div>\n\t\t<\/section>\n\t\t\t\t<\/div>","protected":false},"excerpt":{"rendered":"<p>Politica de utilizarea cookie-urilor Acest site web folose\u0219te cookie-uri pentru a v\u0103 \u00eembun\u0103t\u0103\u021bi experien\u021ba \u00een timp ce naviga\u021bi prin site. Din aceste cookie-uri, cookie-urile care sunt clasificate ca fiind necesare sunt stocate pe browserul dvs., deoarece sunt esen\u021biale pentru func\u021bionarea func\u021bionalit\u0103\u021bilor de baz\u0103 ale site-ului. De asemenea, folosim cookie-uri ter\u021be care ne ajut\u0103 s\u0103 analiz\u0103m [&hellip;]<\/p>","protected":false},"author":1,"featured_media":0,"parent":0,"menu_order":0,"comment_status":"closed","ping_status":"closed","template":"","meta":{"footnotes":""},"class_list":["post-8096","page","type-page","status-publish","hentry"],"yoast_head":"<!-- This site is optimized with the Yoast SEO plugin v22.4 - https:\/\/yoast.com\/wordpress\/plugins\/seo\/ -->\n<title>Politica de utilizarea cookie-urilor - Asociatia Academia de Bine<\/title>\n<meta name=\"robots\" content=\"index, follow, max-snippet:-1, max-image-preview:large, max-video-preview:-1\" \/>\n<link rel=\"canonical\" href=\"https:\/\/asociatia-academiadebine.ro\/ro\/politica-de-utilizarea-cookie-urilor\/\" \/>\n<meta property=\"og:locale\" content=\"ro_RO\" \/>\n<meta property=\"og:type\" content=\"article\" \/>\n<meta property=\"og:title\" content=\"Politica de utilizarea cookie-urilor - Asociatia Academia de Bine\" \/>\n<meta property=\"og:description\" content=\"Politica de utilizarea cookie-urilor Acest site web folose\u0219te cookie-uri pentru a v\u0103 \u00eembun\u0103t\u0103\u021bi experien\u021ba \u00een timp ce naviga\u021bi prin site. Din aceste cookie-uri, cookie-urile care sunt clasificate ca fiind necesare sunt stocate pe browserul dvs., deoarece sunt esen\u021biale pentru func\u021bionarea func\u021bionalit\u0103\u021bilor de baz\u0103 ale site-ului. De asemenea, folosim cookie-uri ter\u021be care ne ajut\u0103 s\u0103 analiz\u0103m [&hellip;]\" \/>\n<meta property=\"og:url\" content=\"https:\/\/asociatia-academiadebine.ro\/ro\/politica-de-utilizarea-cookie-urilor\/\" \/>\n<meta property=\"og:site_name\" content=\"Asociatia Academia de Bine\" \/>\n<meta property=\"article:modified_time\" content=\"2022-02-07T15:37:23+00:00\" \/>\n<meta name=\"twitter:card\" content=\"summary_large_image\" \/>\n<meta name=\"twitter:label1\" content=\"Timp estimat pentru citire\" \/>\n\t<meta name=\"twitter:data1\" content=\"3 minute\" \/>\n<script type=\"application\/ld+json\" class=\"yoast-schema-graph\">{\"@context\":\"https:\/\/schema.org\",\"@graph\":[{\"@type\":\"WebPage\",\"@id\":\"https:\/\/asociatia-academiadebine.ro\/politica-de-utilizarea-cookie-urilor\/\",\"url\":\"https:\/\/asociatia-academiadebine.ro\/politica-de-utilizarea-cookie-urilor\/\",\"name\":\"Politica de utilizarea cookie-urilor - Asociatia Academia de Bine\",\"isPartOf\":{\"@id\":\"https:\/\/asociatia-academiadebine.ro\/#website\"},\"datePublished\":\"2022-02-07T14:30:37+00:00\",\"dateModified\":\"2022-02-07T15:37:23+00:00\",\"breadcrumb\":{\"@id\":\"https:\/\/asociatia-academiadebine.ro\/politica-de-utilizarea-cookie-urilor\/#breadcrumb\"},\"inLanguage\":\"ro-RO\",\"potentialAction\":[{\"@type\":\"ReadAction\",\"target\":[\"https:\/\/asociatia-academiadebine.ro\/politica-de-utilizarea-cookie-urilor\/\"]}]},{\"@type\":\"BreadcrumbList\",\"@id\":\"https:\/\/asociatia-academiadebine.ro\/politica-de-utilizarea-cookie-urilor\/#breadcrumb\",\"itemListElement\":[{\"@type\":\"ListItem\",\"position\":1,\"name\":\"Home\",\"item\":\"https:\/\/asociatia-academiadebine.ro\/\"},{\"@type\":\"ListItem\",\"position\":2,\"name\":\"Politica de utilizarea cookie-urilor\"}]},{\"@type\":\"WebSite\",\"@id\":\"https:\/\/asociatia-academiadebine.ro\/#website\",\"url\":\"https:\/\/asociatia-academiadebine.ro\/\",\"name\":\"Asociatia Academia de Bine\",\"description\":\"Asociatia Academia de Bine\",\"publisher\":{\"@id\":\"https:\/\/asociatia-academiadebine.ro\/#organization\"},\"potentialAction\":[{\"@type\":\"SearchAction\",\"target\":{\"@type\":\"EntryPoint\",\"urlTemplate\":\"https:\/\/asociatia-academiadebine.ro\/?s={search_term_string}\"},\"query-input\":\"required name=search_term_string\"}],\"inLanguage\":\"ro-RO\"},{\"@type\":\"Organization\",\"@id\":\"https:\/\/asociatia-academiadebine.ro\/#organization\",\"name\":\"Asociatia Academia de Bine\",\"url\":\"https:\/\/asociatia-academiadebine.ro\/\",\"logo\":{\"@type\":\"ImageObject\",\"inLanguage\":\"ro-RO\",\"@id\":\"https:\/\/asociatia-academiadebine.ro\/#\/schema\/logo\/image\/\",\"url\":\"https:\/\/asociatia-academiadebine.ro\/wp-content\/uploads\/2020\/08\/Asociatia-Academia-de-Bine-Logo-WEB.svg\",\"contentUrl\":\"https:\/\/asociatia-academiadebine.ro\/wp-content\/uploads\/2020\/08\/Asociatia-Academia-de-Bine-Logo-WEB.svg\",\"width\":250,\"height\":150,\"caption\":\"Asociatia Academia de Bine\"},\"image\":{\"@id\":\"https:\/\/asociatia-academiadebine.ro\/#\/schema\/logo\/image\/\"}}]}<\/script>\n<!-- \/ Yoast SEO plugin. -->","yoast_head_json":{"title":"Politica de utilizarea cookie-urilor - Asociatia Academia de Bine","robots":{"index":"index","follow":"follow","max-snippet":"max-snippet:-1","max-image-preview":"max-image-preview:large","max-video-preview":"max-video-preview:-1"},"canonical":"https:\/\/asociatia-academiadebine.ro\/ro\/politica-de-utilizarea-cookie-urilor\/","og_locale":"ro_RO","og_type":"article","og_title":"Politica de utilizarea cookie-urilor - Asociatia Academia de Bine","og_description":"Politica de utilizarea cookie-urilor Acest site web folose\u0219te cookie-uri pentru a v\u0103 \u00eembun\u0103t\u0103\u021bi experien\u021ba \u00een timp ce naviga\u021bi prin site. Din aceste cookie-uri, cookie-urile care sunt clasificate ca fiind necesare sunt stocate pe browserul dvs., deoarece sunt esen\u021biale pentru func\u021bionarea func\u021bionalit\u0103\u021bilor de baz\u0103 ale site-ului. De asemenea, folosim cookie-uri ter\u021be care ne ajut\u0103 s\u0103 analiz\u0103m [&hellip;]","og_url":"https:\/\/asociatia-academiadebine.ro\/ro\/politica-de-utilizarea-cookie-urilor\/","og_site_name":"Asociatia Academia de Bine","article_modified_time":"2022-02-07T15:37:23+00:00","twitter_card":"summary_large_image","twitter_misc":{"Timp estimat pentru citire":"3 minute"},"schema":{"@context":"https:\/\/schema.org","@graph":[{"@type":"WebPage","@id":"https:\/\/asociatia-academiadebine.ro\/politica-de-utilizarea-cookie-urilor\/","url":"https:\/\/asociatia-academiadebine.ro\/politica-de-utilizarea-cookie-urilor\/","name":"Politica de utilizarea cookie-urilor - Asociatia Academia de Bine","isPartOf":{"@id":"https:\/\/asociatia-academiadebine.ro\/#website"},"datePublished":"2022-02-07T14:30:37+00:00","dateModified":"2022-02-07T15:37:23+00:00","breadcrumb":{"@id":"https:\/\/asociatia-academiadebine.ro\/politica-de-utilizarea-cookie-urilor\/#breadcrumb"},"inLanguage":"ro-RO","potentialAction":[{"@type":"ReadAction","target":["https:\/\/asociatia-academiadebine.ro\/politica-de-utilizarea-cookie-urilor\/"]}]},{"@type":"BreadcrumbList","@id":"https:\/\/asociatia-academiadebine.ro\/politica-de-utilizarea-cookie-urilor\/#breadcrumb","itemListElement":[{"@type":"ListItem","position":1,"name":"Home","item":"https:\/\/asociatia-academiadebine.ro\/"},{"@type":"ListItem","position":2,"name":"Politica de utilizarea cookie-urilor"}]},{"@type":"WebSite","@id":"https:\/\/asociatia-academiadebine.ro\/#website","url":"https:\/\/asociatia-academiadebine.ro\/","name":"Asociatia Academia de Bine","description":"Asociatia Academia de Bine","publisher":{"@id":"https:\/\/asociatia-academiadebine.ro\/#organization"},"potentialAction":[{"@type":"SearchAction","target":{"@type":"EntryPoint","urlTemplate":"https:\/\/asociatia-academiadebine.ro\/?s={search_term_string}"},"query-input":"required name=search_term_string"}],"inLanguage":"ro-RO"},{"@type":"Organization","@id":"https:\/\/asociatia-academiadebine.ro\/#organization","name":"Asociatia Academia de Bine","url":"https:\/\/asociatia-academiadebine.ro\/","logo":{"@type":"ImageObject","inLanguage":"ro-RO","@id":"https:\/\/asociatia-academiadebine.ro\/#\/schema\/logo\/image\/","url":"https:\/\/asociatia-academiadebine.ro\/wp-content\/uploads\/2020\/08\/Asociatia-Academia-de-Bine-Logo-WEB.svg","contentUrl":"https:\/\/asociatia-academiadebine.ro\/wp-content\/uploads\/2020\/08\/Asociatia-Academia-de-Bine-Logo-WEB.svg","width":250,"height":150,"caption":"Asociatia Academia de Bine"},"image":{"@id":"https:\/\/asociatia-academiadebine.ro\/#\/schema\/logo\/image\/"}}]}},"_links":{"self":[{"href":"https:\/\/asociatia-academiadebine.ro\/ro\/wp-json\/wp\/v2\/pages\/8096","targetHints":{"allow":["GET"]}}],"collection":[{"href":"https:\/\/asociatia-academiadebine.ro\/ro\/wp-json\/wp\/v2\/pages"}],"about":[{"href":"https:\/\/asociatia-academiadebine.ro\/ro\/wp-json\/wp\/v2\/types\/page"}],"author":[{"embeddable":true,"href":"https:\/\/asociatia-academiadebine.ro\/ro\/wp-json\/wp\/v2\/users\/1"}],"replies":[{"embeddable":true,"href":"https:\/\/asociatia-academiadebine.ro\/ro\/wp-json\/wp\/v2\/comments?post=8096"}],"version-history":[{"count":26,"href":"https:\/\/asociatia-academiadebine.ro\/ro\/wp-json\/wp\/v2\/pages\/8096\/revisions"}],"predecessor-version":[{"id":8124,"href":"https:\/\/asociatia-academiadebine.ro\/ro\/wp-json\/wp\/v2\/pages\/8096\/revisions\/8124"}],"wp:attachment":[{"href":"https:\/\/asociatia-academiadebine.ro\/ro\/wp-json\/wp\/v2\/media?parent=8096"}],"curies":[{"name":"wp","href":"https:\/\/api.w.org\/{rel}","templated":true}]}}