{"id":7398,"date":"2021-11-22T09:02:39","date_gmt":"2021-11-22T09:02:39","guid":{"rendered":"https:\/\/asociatia-academiadebine.ro\/?page_id=7398"},"modified":"2022-02-02T16:27:32","modified_gmt":"2022-02-02T16:27:32","slug":"termeni-si-conditii","status":"publish","type":"page","link":"https:\/\/asociatia-academiadebine.ro\/ro\/termeni-si-conditii\/","title":{"rendered":"Termeni \u0219i condi\u021bii"},"content":{"rendered":"<h2>Politic\u0103 de Confiden\u021bialitate<\/h2>\n<p><strong>Politica de securitate \u0219i de confiden\u021bialitate a prelucr\u0103rilor de date cu caracter personal<\/strong><\/p>\n<p>\u00cen conformitate cu prevederile legisla\u021biei privind protec\u021bia datelor aplicabil\u0103 \u00een Rom\u00e2nia, inclusiv Regulamentul(UE) nr. 2016\/679 privind protec\u021bia persoanelor fizice \u00een ceea ce prive\u0219te prelucrarea datelor cu caracter personal \u0219i libera circula\u021bie a acestor date \u0219i de abrogare a Directivei 95\/46\/CE(\u201cGDPR\u201d), <strong>Asocia\u0163ia Academia de Bine<\/strong>, ONG cu sediul in Mun. Bra\u015fov, Str. Oltului nr. 6, prelucreaza date cu caracter personal, cu respectarea principiilor men\u021bionate \u00een continuare, \u00een scopuri legitime.<\/p>\n<p>Prelucrarea datelor cu caracter personal se realizeaz\u0103 prin mijloace automate\/manuale, cu respectarea cerin\u021belor legale \u0219i \u00een condi\u021bii care s\u0103 asigure securitatea, confiden\u021bialitatea \u0219i respectarea drepturilor persoanelor vizate.<\/p>\n<p><strong>Preambul<\/strong><\/p>\n<p>Colect\u0103m \u0219i folosim date personale referitoare la persoane fizice ca parte a activit\u0103\u021bilor noastre. Facem asta tocmai ca parte a modului \u00een care desf\u0103\u0219ur\u0103m activit\u0103\u021bile prin care sus\u0163inem copiii \u0219i familiile acestora. De asemenea, colect\u0103m date personale minime despre persoanele care se \u00eenscriu la evenimentele, atelierele noastre sau care lucreaz\u0103 pentru noi sau cu noi.<\/p>\n<p><strong>Scopurile \u00een baza c\u0103rora proces\u0103m\/colect\u0103m datele dvs. personale&nbsp;<\/strong><\/p>\n<p>Asociatia poate procesa\/colecta datele personale ale partenerilor, donatorilor, beneficiarilor, angaja\u021bilor, membrilor, voluntarilor, datele participan\u021bilor la evenimente, ateliere etc., datele finan\u021batorilor institu\u021bionali sau asociativi sau reprezentan\u021bilor celor men\u021biona\u021bi anteriori, reprezentan\u021bilor funda\u021biilor comunitare sau a altor organiza\u021bii non-guvernamentale etc., \u00een urm\u0103toarele scopuri:<\/p>\n<ul>\n<li>\u00een scop financiar-contabil, \u00een scopul desf\u0103\u015fur\u0103rii rela\u021biilor contractuale;<\/li>\n<li>\u00een scopul p\u0103str\u0103rii detaliilor de contact ale partenerilor contractuali;<\/li>\n<li>\u00een scopul desf\u0103\u0219ur\u0103rii activit\u0103\u021bii, a atragerii de fonduri, de poten\u021biali donatori\/beneficiari;<\/li>\n<li>\u00een scopul promov\u0103rii activit\u0103\u021bii;<\/li>\n<li>\u00een scopul atragerii derul\u0103rii contractelor etc.<\/li>\n<\/ul>\n<p><strong>Utilizarea websitului de c\u0103tre copii<\/strong><\/p>\n<p>Websitul Asociatiei poate fi vizualizat \u015fi utilizat \u015fi de c\u0103tre minori. \u00cen cazul \u00een care nu se dore\u015fte folosirea de c\u0103tre copii a informa\u0163iilor de pe websitul Asocia\u0163iei, p\u0103rin\u0163ii sau tutorii pot trimite un mesaj de solicitare angaja\u0163ilor Asocia\u0163iei, prin care s\u0103 se specifice interzicerea accesului la websitul Asocia\u0163iei a respectivului utilizator minor.<\/p>\n<p><strong>Ce date cu caracter personal prelucr\u0103m?<\/strong><\/p>\n<p>a) Date de identificare, spre exemplu: numele, prenumele, adresa, copia documentului de identitate \u0219i semn\u0103tura dvs.;<br \/>\nb) Date de contact, spre exemplu, num\u0103rul dvs. de telefon \u0219i\/sau mobil, \u0219i adresa dvs. de e-mail sau de domiciliu, dup\u0103 caz;<br \/>\nc) Date privind calific\u0103rile, spre exemplu, educa\u021bia, profesia sau ocupa\u021bia, CV-ul \u0219i experien\u021ba profesional\u0103;<br \/>\nd) Date colectate de cookie-uri \u0219i tehnologii similare. Pentru detalii v\u0103 rug\u0103m accesa\u021bi politica de cookies.<br \/>\ne) Date de autentificare \u2013 parole, sugestii \u0219i informa\u021bii de securitate similare folosite pentru autentificare \u0219i acces la platformele aplicabile campaniilor derulate.<br \/>\nf) Date de s\u0103n\u0103tate &#8211; respectiv datele din certificatele medicale ce atest\u0103 tipul \u0219i gradul dizabilit\u0103\u021bilor dvs. necesare pentru a v\u0103 implica \u0219i pentru a fi beneficiarul campaniilor desf\u0103\u0219urate sau datele necesare pentru angajarea dvs.<\/p>\n<p><strong>Drepturile persoanei vizate<\/strong> (Regulamentul(UE) nr. 2016\/679 si Directiva 95\/46\/CE(\u201cGDPR\u201d))<\/p>\n<ul>\n<li>Dreptul de acces \u2013 v\u0103 permite s\u0103 ob\u021bine\u021bi confirmarea c\u0103 datele dvs. personale sunt prelucrate de noi \u0219i, dac\u0103 da, detaliile relevante ale acestor activit\u0103\u021bi de prelucrare;<\/li>\n<li>Dreptul la rectificare \u2013 permi\u021b\u00e2ndu-v\u0103 s\u0103 rectifica\u021bi datele dvs. personale, dac\u0103 sunt incorecte;<\/li>\n<li>Dreptul la \u0219tergerea datelor \u2013 permi\u021b\u00e2ndu-v\u0103 s\u0103 ob\u021bine\u021bi \u0219tergerea datelor dvs. personale \u00een anumite cazuri (de exemplu, dac\u0103 datele nu mai sunt necesare \u00een raport cu scopurile pentru care au fost colectate);<\/li>\n<li>Dreptul la restric\u021bii \u2013 permi\u021b\u00e2ndu-v\u0103 s\u0103 ob\u021bine\u021bi restric\u021bia de prelucrare a datelor dvs. personale \u00een anumite cazuri (de exemplu, atunci c\u00e2nd contesta\u021bi exactitatea datelor dvs. personale, pentru o perioad\u0103 care ne permite s\u0103 verific\u0103m o astfel de exactitate);<\/li>\n<li>Dreptul de a formula obiec\u021bii \u2013 permi\u021b\u00e2ndu-v\u0103 s\u0103 v\u0103 opune\u021bi prelucr\u0103rii \u00een continuare a datelor dvs. personale \u00een condi\u021biile \u0219i limitele stabilite de lege;<\/li>\n<li>Dreptul la portabilitatea datelor \u2013 permi\u021b\u00e2ndu-v\u0103 s\u0103 primi\u021bi datele personale referitoare la dvs. pe care ni le-a\u021bi furnizat, \u00eentr-un format structurat, frecvent utilizat \u0219i care poate fi citit dsau s\u0103 transmite\u021bi aceste date unui controlor de date.<\/li>\n<\/ul>\n<p><strong>Cum ne pute\u021bi contacta?<\/strong><\/p>\n<p>Opinia dvs. este important\u0103 pentru noi \u2013 dac\u0103 ave\u021bi orice \u00eentreb\u0103ri cu privire la Politica noastr\u0103 de Confiden\u021bialitate pute\u021bi:<\/p>\n<ul>\n<li>s\u0103 ne trimite\u021bi un e-mail la adresa asociatia.academiadebine@gmail.com;<\/li>\n<li>s\u0103 ne contacta\u021bi utiliz\u00e2nd num\u0103rul nostru <a href=\"https:\/\/api.whatsapp.com\/send?phone=40740932448&amp;fbclid=IwAR2-G9r5xnocmVU3aUvo8AFe-6gEm7D29nqIb1rf8GBDXQ7ah00bJtHGGJw\">+40 740 932 448<\/a>;<\/li>\n<li>s\u0103 depune\u021bi o cerere scris\u0103 la sediul nostru.<\/li>\n<\/ul>\n<p><strong>DURATA PRELUCR\u0102RII<\/strong><\/p>\n<p>Datele dvs. vor fi p\u0103strate at\u00e2ta timp c\u00e2t este necesar pentru a atinge scopul preconizat al colect\u0103rii datelor. Dac\u0103 ave\u021bi nevoie de mai multe informa\u021bii despre datele personale pe care le colect\u0103m, v\u0103 rug\u0103m s\u0103 ne contacta\u021bi prin e-mail, la adresa asociatia.academiadebine@gmail.com.<\/p>\n<p><strong>DIVULGAREA DATELOR PERSONALE<\/strong><\/p>\n<p>De\u0219i, de regul\u0103, nu vom divulga datele dvs. personale unor ter\u021be p\u0103r\u021bi, putem s\u0103 dezv\u0103luim date personale relevante instan\u021belor judec\u0103tore\u0219ti, autorit\u0103\u021bilor relevante \u0219i afilia\u021bilor, \u00een contextul activit\u0103\u021bilor Asocia\u0163iei Academia de Bine.<\/p>\n<p><strong>VERSIUNI LA ACEAST\u0102 POLITIC\u0102 DE CONFIDEN\u021aIALITATE<\/strong><\/p>\n<p>Aceast\u0103 politic\u0103 de confiden\u021bialitate este \u00een vigoare din mai 2021. Aceast\u0103 politic\u0103 de confiden\u021bialitate poate fi actualizat\u0103 din c\u00e2nd \u00een c\u00e2nd. Orice actualizare va deveni aplicabil\u0103 \u00een termen de 3 zile de la publicarea noii versiuni pe site-ul Asocia\u0163iei Academia de Bine.<\/p>","protected":false},"excerpt":{"rendered":"<p>Politic\u0103 de Confiden\u021bialitate Politica de securitate \u0219i de confiden\u021bialitate a prelucr\u0103rilor de date cu caracter personal \u00cen conformitate cu prevederile legisla\u021biei privind protec\u021bia datelor aplicabil\u0103 \u00een Rom\u00e2nia, inclusiv Regulamentul(UE) nr. 2016\/679 privind protec\u021bia persoanelor fizice \u00een ceea ce prive\u0219te prelucrarea datelor cu caracter personal \u0219i libera circula\u021bie a acestor date \u0219i de abrogare a Directivei [&hellip;]<\/p>","protected":false},"author":1,"featured_media":0,"parent":0,"menu_order":0,"comment_status":"closed","ping_status":"closed","template":"","meta":{"footnotes":""},"class_list":["post-7398","page","type-page","status-publish","hentry"],"yoast_head":"<!-- This site is optimized with the Yoast SEO plugin v22.4 - https:\/\/yoast.com\/wordpress\/plugins\/seo\/ -->\n<title>Termeni \u0219i condi\u021bii - Asociatia Academia de Bine<\/title>\n<meta name=\"robots\" content=\"index, follow, max-snippet:-1, max-image-preview:large, max-video-preview:-1\" \/>\n<link rel=\"canonical\" href=\"https:\/\/asociatia-academiadebine.ro\/ro\/termeni-si-conditii\/\" \/>\n<meta property=\"og:locale\" content=\"ro_RO\" \/>\n<meta property=\"og:type\" content=\"article\" \/>\n<meta property=\"og:title\" content=\"Termeni \u0219i condi\u021bii - Asociatia Academia de Bine\" \/>\n<meta property=\"og:description\" content=\"Politic\u0103 de Confiden\u021bialitate Politica de securitate \u0219i de confiden\u021bialitate a prelucr\u0103rilor de date cu caracter personal \u00cen conformitate cu prevederile legisla\u021biei privind protec\u021bia datelor aplicabil\u0103 \u00een Rom\u00e2nia, inclusiv Regulamentul(UE) nr. 2016\/679 privind protec\u021bia persoanelor fizice \u00een ceea ce prive\u0219te prelucrarea datelor cu caracter personal \u0219i libera circula\u021bie a acestor date \u0219i de abrogare a Directivei [&hellip;]\" \/>\n<meta property=\"og:url\" content=\"https:\/\/asociatia-academiadebine.ro\/ro\/termeni-si-conditii\/\" \/>\n<meta property=\"og:site_name\" content=\"Asociatia Academia de Bine\" \/>\n<meta property=\"article:modified_time\" content=\"2022-02-02T16:27:32+00:00\" \/>\n<meta name=\"twitter:card\" content=\"summary_large_image\" \/>\n<meta name=\"twitter:label1\" content=\"Timp estimat pentru citire\" \/>\n\t<meta name=\"twitter:data1\" content=\"5 minute\" \/>\n<script type=\"application\/ld+json\" class=\"yoast-schema-graph\">{\"@context\":\"https:\/\/schema.org\",\"@graph\":[{\"@type\":\"WebPage\",\"@id\":\"https:\/\/asociatia-academiadebine.ro\/termeni-si-conditii\/\",\"url\":\"https:\/\/asociatia-academiadebine.ro\/termeni-si-conditii\/\",\"name\":\"Termeni \u0219i condi\u021bii - Asociatia Academia de Bine\",\"isPartOf\":{\"@id\":\"https:\/\/asociatia-academiadebine.ro\/#website\"},\"datePublished\":\"2021-11-22T09:02:39+00:00\",\"dateModified\":\"2022-02-02T16:27:32+00:00\",\"breadcrumb\":{\"@id\":\"https:\/\/asociatia-academiadebine.ro\/termeni-si-conditii\/#breadcrumb\"},\"inLanguage\":\"ro-RO\",\"potentialAction\":[{\"@type\":\"ReadAction\",\"target\":[\"https:\/\/asociatia-academiadebine.ro\/termeni-si-conditii\/\"]}]},{\"@type\":\"BreadcrumbList\",\"@id\":\"https:\/\/asociatia-academiadebine.ro\/termeni-si-conditii\/#breadcrumb\",\"itemListElement\":[{\"@type\":\"ListItem\",\"position\":1,\"name\":\"Home\",\"item\":\"https:\/\/asociatia-academiadebine.ro\/\"},{\"@type\":\"ListItem\",\"position\":2,\"name\":\"Termeni \u0219i condi\u021bii\"}]},{\"@type\":\"WebSite\",\"@id\":\"https:\/\/asociatia-academiadebine.ro\/#website\",\"url\":\"https:\/\/asociatia-academiadebine.ro\/\",\"name\":\"Asociatia Academia de Bine\",\"description\":\"Asociatia Academia de Bine\",\"publisher\":{\"@id\":\"https:\/\/asociatia-academiadebine.ro\/#organization\"},\"potentialAction\":[{\"@type\":\"SearchAction\",\"target\":{\"@type\":\"EntryPoint\",\"urlTemplate\":\"https:\/\/asociatia-academiadebine.ro\/?s={search_term_string}\"},\"query-input\":\"required name=search_term_string\"}],\"inLanguage\":\"ro-RO\"},{\"@type\":\"Organization\",\"@id\":\"https:\/\/asociatia-academiadebine.ro\/#organization\",\"name\":\"Asociatia Academia de Bine\",\"url\":\"https:\/\/asociatia-academiadebine.ro\/\",\"logo\":{\"@type\":\"ImageObject\",\"inLanguage\":\"ro-RO\",\"@id\":\"https:\/\/asociatia-academiadebine.ro\/#\/schema\/logo\/image\/\",\"url\":\"https:\/\/asociatia-academiadebine.ro\/wp-content\/uploads\/2020\/08\/Asociatia-Academia-de-Bine-Logo-WEB.svg\",\"contentUrl\":\"https:\/\/asociatia-academiadebine.ro\/wp-content\/uploads\/2020\/08\/Asociatia-Academia-de-Bine-Logo-WEB.svg\",\"width\":250,\"height\":150,\"caption\":\"Asociatia Academia de Bine\"},\"image\":{\"@id\":\"https:\/\/asociatia-academiadebine.ro\/#\/schema\/logo\/image\/\"}}]}<\/script>\n<!-- \/ Yoast SEO plugin. -->","yoast_head_json":{"title":"Termeni \u0219i condi\u021bii - Asociatia Academia de Bine","robots":{"index":"index","follow":"follow","max-snippet":"max-snippet:-1","max-image-preview":"max-image-preview:large","max-video-preview":"max-video-preview:-1"},"canonical":"https:\/\/asociatia-academiadebine.ro\/ro\/termeni-si-conditii\/","og_locale":"ro_RO","og_type":"article","og_title":"Termeni \u0219i condi\u021bii - Asociatia Academia de Bine","og_description":"Politic\u0103 de Confiden\u021bialitate Politica de securitate \u0219i de confiden\u021bialitate a prelucr\u0103rilor de date cu caracter personal \u00cen conformitate cu prevederile legisla\u021biei privind protec\u021bia datelor aplicabil\u0103 \u00een Rom\u00e2nia, inclusiv Regulamentul(UE) nr. 2016\/679 privind protec\u021bia persoanelor fizice \u00een ceea ce prive\u0219te prelucrarea datelor cu caracter personal \u0219i libera circula\u021bie a acestor date \u0219i de abrogare a Directivei [&hellip;]","og_url":"https:\/\/asociatia-academiadebine.ro\/ro\/termeni-si-conditii\/","og_site_name":"Asociatia Academia de Bine","article_modified_time":"2022-02-02T16:27:32+00:00","twitter_card":"summary_large_image","twitter_misc":{"Timp estimat pentru citire":"5 minute"},"schema":{"@context":"https:\/\/schema.org","@graph":[{"@type":"WebPage","@id":"https:\/\/asociatia-academiadebine.ro\/termeni-si-conditii\/","url":"https:\/\/asociatia-academiadebine.ro\/termeni-si-conditii\/","name":"Termeni \u0219i condi\u021bii - Asociatia Academia de Bine","isPartOf":{"@id":"https:\/\/asociatia-academiadebine.ro\/#website"},"datePublished":"2021-11-22T09:02:39+00:00","dateModified":"2022-02-02T16:27:32+00:00","breadcrumb":{"@id":"https:\/\/asociatia-academiadebine.ro\/termeni-si-conditii\/#breadcrumb"},"inLanguage":"ro-RO","potentialAction":[{"@type":"ReadAction","target":["https:\/\/asociatia-academiadebine.ro\/termeni-si-conditii\/"]}]},{"@type":"BreadcrumbList","@id":"https:\/\/asociatia-academiadebine.ro\/termeni-si-conditii\/#breadcrumb","itemListElement":[{"@type":"ListItem","position":1,"name":"Home","item":"https:\/\/asociatia-academiadebine.ro\/"},{"@type":"ListItem","position":2,"name":"Termeni \u0219i condi\u021bii"}]},{"@type":"WebSite","@id":"https:\/\/asociatia-academiadebine.ro\/#website","url":"https:\/\/asociatia-academiadebine.ro\/","name":"Asociatia Academia de Bine","description":"Asociatia Academia de Bine","publisher":{"@id":"https:\/\/asociatia-academiadebine.ro\/#organization"},"potentialAction":[{"@type":"SearchAction","target":{"@type":"EntryPoint","urlTemplate":"https:\/\/asociatia-academiadebine.ro\/?s={search_term_string}"},"query-input":"required name=search_term_string"}],"inLanguage":"ro-RO"},{"@type":"Organization","@id":"https:\/\/asociatia-academiadebine.ro\/#organization","name":"Asociatia Academia de Bine","url":"https:\/\/asociatia-academiadebine.ro\/","logo":{"@type":"ImageObject","inLanguage":"ro-RO","@id":"https:\/\/asociatia-academiadebine.ro\/#\/schema\/logo\/image\/","url":"https:\/\/asociatia-academiadebine.ro\/wp-content\/uploads\/2020\/08\/Asociatia-Academia-de-Bine-Logo-WEB.svg","contentUrl":"https:\/\/asociatia-academiadebine.ro\/wp-content\/uploads\/2020\/08\/Asociatia-Academia-de-Bine-Logo-WEB.svg","width":250,"height":150,"caption":"Asociatia Academia de Bine"},"image":{"@id":"https:\/\/asociatia-academiadebine.ro\/#\/schema\/logo\/image\/"}}]}},"_links":{"self":[{"href":"https:\/\/asociatia-academiadebine.ro\/ro\/wp-json\/wp\/v2\/pages\/7398","targetHints":{"allow":["GET"]}}],"collection":[{"href":"https:\/\/asociatia-academiadebine.ro\/ro\/wp-json\/wp\/v2\/pages"}],"about":[{"href":"https:\/\/asociatia-academiadebine.ro\/ro\/wp-json\/wp\/v2\/types\/page"}],"author":[{"embeddable":true,"href":"https:\/\/asociatia-academiadebine.ro\/ro\/wp-json\/wp\/v2\/users\/1"}],"replies":[{"embeddable":true,"href":"https:\/\/asociatia-academiadebine.ro\/ro\/wp-json\/wp\/v2\/comments?post=7398"}],"version-history":[{"count":16,"href":"https:\/\/asociatia-academiadebine.ro\/ro\/wp-json\/wp\/v2\/pages\/7398\/revisions"}],"predecessor-version":[{"id":7901,"href":"https:\/\/asociatia-academiadebine.ro\/ro\/wp-json\/wp\/v2\/pages\/7398\/revisions\/7901"}],"wp:attachment":[{"href":"https:\/\/asociatia-academiadebine.ro\/ro\/wp-json\/wp\/v2\/media?parent=7398"}],"curies":[{"name":"wp","href":"https:\/\/api.w.org\/{rel}","templated":true}]}}